{"id":2546,"date":"2023-07-27T15:08:25","date_gmt":"2023-07-27T15:08:25","guid":{"rendered":"https:\/\/3921.gr\/contact\/"},"modified":"2025-04-10T14:08:34","modified_gmt":"2025-04-10T14:08:34","slug":"contact","status":"publish","type":"page","link":"https:\/\/3921.gr\/fr\/contact\/","title":{"rendered":"Contactez-nous!"},"content":{"rendered":"\t\t<div data-elementor-type=\"wp-page\" data-elementor-id=\"2546\" class=\"elementor elementor-2546 elementor-215\">\n\t\t\t\t\t\t<section class=\"elementor-section elementor-top-section elementor-element elementor-element-d560447 elementor-section-full_width elementor-section-height-default elementor-section-height-default\" data-id=\"d560447\" data-element_type=\"section\">\n\t\t\t\t\t\t<div class=\"elementor-container elementor-column-gap-no\">\n\t\t\t\t\t<div class=\"elementor-column elementor-col-100 elementor-top-column elementor-element elementor-element-7c52c57\" data-id=\"7c52c57\" data-element_type=\"column\" data-settings=\"{&quot;background_background&quot;:&quot;classic&quot;}\">\n\t\t\t<div class=\"elementor-widget-wrap elementor-element-populated\">\n\t\t\t\t\t\t<div class=\"elementor-element elementor-element-c21aad3 elementor-widget elementor-widget-ogency-contact-form\" data-id=\"c21aad3\" data-element_type=\"widget\" data-widget_type=\"ogency-contact-form.default\">\n\t\t\t\t<div class=\"elementor-widget-container\">\n\t\t\t\t\t\t<!--Contact Two Start-->\r\n\t<section class=\"contact-two\">\r\n\t\t<div class=\"container wow fadeInUp animated\" data-wow-delay=\"300ms\">\r\n\t\t\t\t\t\t\t<div class=\"section-title text-center\">\r\n\t\t\t\t\t<h5 class=\"section-title__tagline section-title__tagline--has-dots\">Prenez contact avec nous<\/h5><h2 class=\"section-title__title\">Laissez-nous un message et nous vous r\u00e9pondrons rapidement.<\/h2>\t\t\t\t<\/div><!-- section-title -->\r\n\t\t\t\t\t\t<div class=\"contact-one__left text-center\">\r\n\t\t\t\t<div class=\"contact-one__form-box\">\r\n\t\t\t\t\t<div class=\"wpcf7 no-js\" id=\"wpcf7-f2581-o1\" lang=\"en-US\" dir=\"ltr\" data-wpcf7-id=\"2581\">\n<div class=\"screen-reader-response\"><p role=\"status\" aria-live=\"polite\" aria-atomic=\"true\"><\/p> <ul><\/ul><\/div>\n<form action=\"\/fr\/wp-json\/wp\/v2\/pages\/2546#wpcf7-f2581-o1\" method=\"post\" class=\"wpcf7-form init\" aria-label=\"Contact form\" novalidate=\"novalidate\" data-status=\"init\">\n<div style=\"display: none;\">\n<input type=\"hidden\" name=\"_wpcf7\" value=\"2581\" \/>\n<input type=\"hidden\" name=\"_wpcf7_version\" value=\"6.0.2\" \/>\n<input type=\"hidden\" name=\"_wpcf7_locale\" value=\"en_US\" \/>\n<input type=\"hidden\" name=\"_wpcf7_unit_tag\" value=\"wpcf7-f2581-o1\" \/>\n<input type=\"hidden\" name=\"_wpcf7_container_post\" value=\"0\" \/>\n<input type=\"hidden\" name=\"_wpcf7_posted_data_hash\" value=\"\" \/>\n<\/div>\n<div class=\"row\">\n    <div class=\"col-md-12\">\n        <div class=\"contact-one__input-box\">\n            <span class=\"wpcf7-form-control-wrap\" data-name=\"text-184\"><input size=\"40\" maxlength=\"400\" class=\"wpcf7-form-control wpcf7-text wpcf7-validates-as-required\" aria-required=\"true\" aria-invalid=\"false\" placeholder=\"Nom *\" value=\"\" type=\"text\" name=\"text-184\" \/><\/span>\n        <\/div>\n    <\/div>\n    <div class=\"col-md-12\">\n        <div class=\"contact-one__input-box\">\n            <span class=\"wpcf7-form-control-wrap\" data-name=\"email-695\"><input size=\"40\" maxlength=\"400\" class=\"wpcf7-form-control wpcf7-email wpcf7-validates-as-required wpcf7-text wpcf7-validates-as-email\" aria-required=\"true\" aria-invalid=\"false\" placeholder=\"Adresse e-mail *\" value=\"\" type=\"email\" name=\"email-695\" \/><\/span>\n        <\/div>\n    <\/div>\n    <div class=\"col-md-12\">\n        <div class=\"contact-one__input-box\">\n            <span class=\"wpcf7-form-control-wrap\" data-name=\"text-186\"><input size=\"40\" maxlength=\"400\" class=\"wpcf7-form-control wpcf7-text\" aria-invalid=\"false\" placeholder=\"Num\u00e9ro de t\u00e9l\u00e9phone\" value=\"\" type=\"text\" name=\"text-186\" \/><\/span>\n        <\/div>\n    <\/div>\n<div class=\"col-md-12\">\n        <div class=\"contact-one__input-box\">\n            <span class=\"wpcf7-form-control-wrap\" data-name=\"your-company\"><input size=\"40\" maxlength=\"400\" class=\"wpcf7-form-control wpcf7-text wpcf7-validates-as-required\" aria-required=\"true\" aria-invalid=\"false\" value=\"Company *\" type=\"text\" name=\"your-company\" \/><\/span>\n        <\/div>\n    <\/div>\n    <!--<div class=\"col-md-6\">\n        <div class=\"contact-one__input-box\">\n              <select class=\"selectpicker\" aria-label=\"Default select example\">\n                                                    <option selected>Select service<\/option>\n                                                    <option value=\"1\">Hotels & VIllas<\/option>\n                                                    <option value=\"2\">Yachting<\/option>\n                                                    <option value=\"3\">Parties \/ Weddings \/ Events<\/option>\n                                                    <option value=\"4\">Other\/option>\n\n                                                <\/select>\n        <\/div>\n    <\/div>-->\n    <div class=\"col-md-12\">\n        <div class=\"contact-one__input-box text-message-box\">\n            <span class=\"wpcf7-form-control-wrap\" data-name=\"textarea-670\"><textarea cols=\"40\" rows=\"10\" maxlength=\"2000\" class=\"wpcf7-form-control wpcf7-textarea wpcf7-validates-as-required\" aria-required=\"true\" aria-invalid=\"false\" placeholder=\"Votre message *\" name=\"textarea-670\"><\/textarea><\/span>\n        <\/div>\n        <div class=\"contact-one__btn-box\">\n            <button type=\"submit\" class=\"ogency-btn\">Envoyer un message<\/button>\n        <\/div>\n    <\/div>\n<\/div><div class=\"wpcf7-response-output\" aria-hidden=\"true\"><\/div>\n<\/form>\n<\/div>\t\t\t\t\t<div class=\"result\"><\/div>\r\n\t\t\t\t<\/div>\r\n\t\t\t<\/div>\r\n\t\t<\/div>\r\n\t<\/section>\r\n\t<!--Contact Two End-->\r\n\t\t\t\t<\/div>\n\t\t\t\t<\/div>\n\t\t\t\t\t<\/div>\n\t\t<\/div>\n\t\t\t\t\t<\/div>\n\t\t<\/section>\n\t\t\t\t<section class=\"elementor-section elementor-top-section elementor-element elementor-element-e803005 elementor-section-full_width elementor-section-height-default elementor-section-height-default\" data-id=\"e803005\" data-element_type=\"section\">\n\t\t\t\t\t\t<div class=\"elementor-container elementor-column-gap-no\">\n\t\t\t\t\t<div class=\"elementor-column elementor-col-100 elementor-top-column elementor-element elementor-element-045aa31\" data-id=\"045aa31\" data-element_type=\"column\">\n\t\t\t<div class=\"elementor-widget-wrap elementor-element-populated\">\n\t\t\t\t\t\t<div class=\"elementor-element elementor-element-958a863 elementor-widget elementor-widget-ogency-contact-info\" data-id=\"958a863\" data-element_type=\"widget\" data-widget_type=\"ogency-contact-info.default\">\n\t\t\t\t<div class=\"elementor-widget-container\">\n\t\t\t\t\t\r\n    <!--Contact Info Start-->\r\n    <section class=\"contact-info\">\r\n        <div class=\"container\">\r\n            <div class=\"contact-info__wrapper\">\r\n                <div class=\"row\">\r\n                                            <div class=\"col-xl-4 col-md-6\">\r\n                            <div class=\"contact-info__item\">\r\n                                <div class=\"contact-info__item__icon\">\r\n                                    <span aria-hidden=\"true\" class=\"  icon-place\"><\/span>                                <\/div>\r\n                                <h3 class=\"contact-info__item__title\">Address<\/h3><p class=\"contact-info__item__text\">Palamidiou 3 - Glifada, <BR> Athens, Greece<\/p>                            <\/div>\r\n                        <\/div>\r\n                                            <div class=\"col-xl-4 col-md-6\">\r\n                            <div class=\"contact-info__item\">\r\n                                <div class=\"contact-info__item__icon\">\r\n                                    <span aria-hidden=\"true\" class=\"   icon-phone\"><\/span>                                <\/div>\r\n                                <h3 class=\"contact-info__item__title contact-info__item__title\">Contact<\/h3><p class=\"contact-info__item__text contact-info__item__text\"> <a href=\"mailto:hello@3921.gr\">hello@3921.gr<\/a>\n Viber, WhatsApp, Signal, Telegram or \/ and mobile phone <br> <a href=\"tel:+306936664445\">+306936664445<\/a> <\/p>                            <\/div>\r\n                        <\/div>\r\n                                            <div class=\"col-xl-4 col-md-6\">\r\n                            <div class=\"contact-info__item\">\r\n                                <div class=\"contact-info__item__icon\">\r\n                                    <span aria-hidden=\"true\" class=\"   icon-schedule\"><\/span>                                <\/div>\r\n                                <h3 class=\"contact-info__item__title contact-info__item__title contact-info__item__title\">Timing<\/h3><p class=\"contact-info__item__text contact-info__item__text contact-info__item__text\"> Mon - Sat: 8:00 am to 9:00 pm<br> Sunday: CLOSED<\/p>                            <\/div>\r\n                        <\/div>\r\n                                    <\/div>\r\n            <\/div>\r\n        <\/div>\r\n    <\/section>\r\n    <!--Contact Info End-->\r\n\r\n\r\n\t\t\t\t<\/div>\n\t\t\t\t<\/div>\n\t\t\t\t\t<\/div>\n\t\t<\/div>\n\t\t\t\t\t<\/div>\n\t\t<\/section>\n\t\t\t\t<section class=\"elementor-section elementor-top-section elementor-element elementor-element-48daebf elementor-section-full_width elementor-section-height-default elementor-section-height-default\" data-id=\"48daebf\" data-element_type=\"section\">\n\t\t\t\t\t\t<div class=\"elementor-container elementor-column-gap-no\">\n\t\t\t\t\t<div class=\"elementor-column elementor-col-100 elementor-top-column elementor-element elementor-element-93c8a9d\" data-id=\"93c8a9d\" data-element_type=\"column\">\n\t\t\t<div class=\"elementor-widget-wrap elementor-element-populated\">\n\t\t\t\t\t\t<div class=\"elementor-element elementor-element-fca8786 elementor-widget elementor-widget-ogency-google-maps\" data-id=\"fca8786\" data-element_type=\"widget\" data-widget_type=\"ogency-google-maps.default\">\n\t\t\t\t<div class=\"elementor-widget-container\">\n\t\t\t\t\t\t\t<!--Google Map Two Start-->\r\n\t<section class=\"google-map-two\">\r\n\t\t<iframe src=\"https:\/\/maps.google.com\/maps?q=Palamidiou%203%20glifada&#038;t=m&#038;z=15&#038;output=embed&#038;iwloc=near\" title=\"Palamidiou 3 glifada\" class=\"google-map__one\" aria-label=\"Palamidiou 3 glifada\" allowfullscreen><\/iframe>\r\n\t<\/section>\r\n\t<!--Google Map Two End-->\r\n\r\n\t\t\t\t<\/div>\n\t\t\t\t<\/div>\n\t\t\t\t\t<\/div>\n\t\t<\/div>\n\t\t\t\t\t<\/div>\n\t\t<\/section>\n\t\t\t\t<\/div>\n\t\t","protected":false},"excerpt":{"rendered":"<p>Prenez contact avec nous Laissez-nous un message et nous vous r\u00e9pondrons rapidement. Envoyer un message Address Palamidiou 3 &#8211; Glifada, Athens, Greece Contact hello@3921.gr Viber, WhatsApp, Signal, Telegram or \/ and mobile phone +306936664445 Timing Mon &#8211; Sat: 8:00 am to 9:00 pm Sunday: CLOSED<\/p>\n","protected":false},"author":1,"featured_media":0,"parent":0,"menu_order":0,"comment_status":"closed","ping_status":"closed","template":"","meta":{"footnotes":""},"class_list":["post-2546","page","type-page","status-publish","hentry"],"_links":{"self":[{"href":"https:\/\/3921.gr\/fr\/wp-json\/wp\/v2\/pages\/2546","targetHints":{"allow":["GET"]}}],"collection":[{"href":"https:\/\/3921.gr\/fr\/wp-json\/wp\/v2\/pages"}],"about":[{"href":"https:\/\/3921.gr\/fr\/wp-json\/wp\/v2\/types\/page"}],"author":[{"embeddable":true,"href":"https:\/\/3921.gr\/fr\/wp-json\/wp\/v2\/users\/1"}],"replies":[{"embeddable":true,"href":"https:\/\/3921.gr\/fr\/wp-json\/wp\/v2\/comments?post=2546"}],"version-history":[{"count":7,"href":"https:\/\/3921.gr\/fr\/wp-json\/wp\/v2\/pages\/2546\/revisions"}],"predecessor-version":[{"id":2596,"href":"https:\/\/3921.gr\/fr\/wp-json\/wp\/v2\/pages\/2546\/revisions\/2596"}],"wp:attachment":[{"href":"https:\/\/3921.gr\/fr\/wp-json\/wp\/v2\/media?parent=2546"}],"curies":[{"name":"wp","href":"https:\/\/api.w.org\/{rel}","templated":true}]}}